{"id":3355,"date":"2023-03-06T11:06:10","date_gmt":"2023-03-06T08:06:10","guid":{"rendered":"https:\/\/e-iao.com\/en\/?page_id=3355"},"modified":"2023-04-06T21:59:23","modified_gmt":"2023-04-06T18:59:23","slug":"donations-and-refund-agreement","status":"publish","type":"page","link":"https:\/\/e-iao.com\/en\/donations-and-refund-agreement\/","title":{"rendered":"Donations And Refund Agreement"},"content":{"rendered":"\n<h2 class=\"wp-block-heading\">DONATIONS AND REFUND AGREEMENT<\/h2>\n\n\n\n<p>ARTICLE 1 &#8211; PARTIES<\/p>\n\n\n\n<p>1.1 &#8211; DONATION RECEIVER:<\/p>\n\n\n\n<p>Name: Eko International Aid Organization<\/p>\n\n\n\n<p>Address: Emin\u00f6n\u00fc Mercan Mahallesi \u00c7akmakc\u0131lar Yoku\u015fu B\u00fcy\u00fck Valide Han 3. Kemer Orta Kat Oda No:6 Fatih\/Istanbul<\/p>\n\n\n\n<p>Telephone: +90 532 629 1187<\/p>\n\n\n\n<p>1.2 &#8211; DONOR:<\/p>\n\n\n\n<p>Name and Surname:<\/p>\n\n\n\n<p>ARTICLE 2 &#8211; SUBJECT<\/p>\n\n\n\n<p>The subject of this agreement is the determination of the terms and conditions regarding the donation of a certain amount of money by the Donor to the Donation Receiver through the online system.<\/p>\n\n\n\n<p>ARTICLE 3 &#8211; PROVISIONS<\/p>\n\n\n\n<p>3.1 &#8211; Donation Amount:<\/p>\n\n\n\n<p>The donation amount will be determined by the Donor by selecting the options available on the Donation Receiver&#8217;s website.<\/p>\n\n\n\n<p>3.2 &#8211; Donation Methods:<\/p>\n\n\n\n<p>3.2.1 The Donor will donate using the payment method of their choice.<\/p>\n\n\n\n<p>3.2.2. The donation can be made through online system using credit\/debit card or by bank transfer (EFT\/SWIFT) to the bank accounts specified.<\/p>\n\n\n\n<p>3.2.3. The Donor may choose any donation method they prefer.<\/p>\n\n\n\n<p>3.3 &#8211; Donation Conditions<\/p>\n\n\n\n<p>3.3.1. The Donor acknowledges and declares that the donations made under this Agreement are not subject to the Law No. 6502 on the Protection of Consumers.<\/p>\n\n\n\n<p>3.3.2. The Donor acknowledges and declares that they do not have the right of withdrawal or recourse for the donation made under this Agreement.<\/p>\n\n\n\n<p>3.3.3. The Donor acknowledges and declares that they cannot request any refund for the donation made under this Agreement.<\/p>\n\n\n\n<p>ARTICLE 4 &#8211; JURISDICTION<\/p>\n\n\n\n<p>In the implementation of this Agreement, the Istanbul Courts and Execution Offices are exclusively authorized.<\/p>\n\n\n\n<p>ARTICLE 5 &#8211; EFFECTIVENESS<\/p>\n\n\n\n<p>This 5 (five) article Agreement has been electronically executed by the Parties, by being read and accepted by the Donor through the donation website.<\/p>\n","protected":false},"excerpt":{"rendered":"<p>DONATIONS AND REFUND AGREEMENT ARTICLE 1 &#8211; PARTIES 1.1 &#8211; DONATION RECEIVER: Name: Eko International Aid Organization Address: Emin\u00f6n\u00fc Mercan Mahallesi \u00c7akmakc\u0131lar Yoku\u015fu B\u00fcy\u00fck Valide Han 3. Kemer Orta Kat Oda No:6 Fatih\/Istanbul Telephone: +90 532 629 1187 1.2 &#8211; DONOR: Name and Surname: ARTICLE 2 &#8211; SUBJECT The subject of this agreement is the [&hellip;]<\/p>\n","protected":false},"author":7,"featured_media":0,"parent":0,"menu_order":0,"comment_status":"closed","ping_status":"closed","template":"","meta":{"site-sidebar-layout":"default","site-content-layout":"","ast-site-content-layout":"default","site-content-style":"default","site-sidebar-style":"default","ast-global-header-display":"","ast-banner-title-visibility":"","ast-main-header-display":"","ast-hfb-above-header-display":"","ast-hfb-below-header-display":"","ast-hfb-mobile-header-display":"","site-post-title":"","ast-breadcrumbs-content":"","ast-featured-img":"","footer-sml-layout":"","ast-disable-related-posts":"","theme-transparent-header-meta":"","adv-header-id-meta":"","stick-header-meta":"","header-above-stick-meta":"","header-main-stick-meta":"","header-below-stick-meta":"","astra-migrate-meta-layouts":"default","ast-page-background-enabled":"default","ast-page-background-meta":{"desktop":{"background-color":"var(--ast-global-color-4)","background-image":"","background-repeat":"repeat","background-position":"center center","background-size":"auto","background-attachment":"scroll","background-type":"","background-media":"","overlay-type":"","overlay-color":"","overlay-opacity":"","overlay-gradient":""},"tablet":{"background-color":"","background-image":"","background-repeat":"repeat","background-position":"center center","background-size":"auto","background-attachment":"scroll","background-type":"","background-media":"","overlay-type":"","overlay-color":"","overlay-opacity":"","overlay-gradient":""},"mobile":{"background-color":"","background-image":"","background-repeat":"repeat","background-position":"center center","background-size":"auto","background-attachment":"scroll","background-type":"","background-media":"","overlay-type":"","overlay-color":"","overlay-opacity":"","overlay-gradient":""}},"ast-content-background-meta":{"desktop":{"background-color":"var(--ast-global-color-5)","background-image":"","background-repeat":"repeat","background-position":"center center","background-size":"auto","background-attachment":"scroll","background-type":"","background-media":"","overlay-type":"","overlay-color":"","overlay-opacity":"","overlay-gradient":""},"tablet":{"background-color":"var(--ast-global-color-5)","background-image":"","background-repeat":"repeat","background-position":"center center","background-size":"auto","background-attachment":"scroll","background-type":"","background-media":"","overlay-type":"","overlay-color":"","overlay-opacity":"","overlay-gradient":""},"mobile":{"background-color":"var(--ast-global-color-5)","background-image":"","background-repeat":"repeat","background-position":"center center","background-size":"auto","background-attachment":"scroll","background-type":"","background-media":"","overlay-type":"","overlay-color":"","overlay-opacity":"","overlay-gradient":""}},"footnotes":""},"class_list":["post-3355","page","type-page","status-publish","hentry"],"_links":{"self":[{"href":"https:\/\/e-iao.com\/en\/wp-json\/wp\/v2\/pages\/3355","targetHints":{"allow":["GET"]}}],"collection":[{"href":"https:\/\/e-iao.com\/en\/wp-json\/wp\/v2\/pages"}],"about":[{"href":"https:\/\/e-iao.com\/en\/wp-json\/wp\/v2\/types\/page"}],"author":[{"embeddable":true,"href":"https:\/\/e-iao.com\/en\/wp-json\/wp\/v2\/users\/7"}],"replies":[{"embeddable":true,"href":"https:\/\/e-iao.com\/en\/wp-json\/wp\/v2\/comments?post=3355"}],"version-history":[{"count":2,"href":"https:\/\/e-iao.com\/en\/wp-json\/wp\/v2\/pages\/3355\/revisions"}],"predecessor-version":[{"id":3627,"href":"https:\/\/e-iao.com\/en\/wp-json\/wp\/v2\/pages\/3355\/revisions\/3627"}],"wp:attachment":[{"href":"https:\/\/e-iao.com\/en\/wp-json\/wp\/v2\/media?parent=3355"}],"curies":[{"name":"wp","href":"https:\/\/api.w.org\/{rel}","templated":true}]}}