{"id":1650,"date":"2022-06-26T01:02:09","date_gmt":"2022-06-25T22:02:09","guid":{"rendered":"https:\/\/e-iao.com\/en\/?page_id=1650"},"modified":"2023-04-05T16:30:12","modified_gmt":"2023-04-05T13:30:12","slug":"climate-environment-nature","status":"publish","type":"page","link":"https:\/\/e-iao.com\/en\/climate-environment-nature\/","title":{"rendered":"Climate, Environment and Nature Activities"},"content":{"rendered":"\t\t<div data-elementor-type=\"wp-page\" data-elementor-id=\"1650\" class=\"elementor elementor-1650\" data-elementor-post-type=\"page\">\n\t\t\t\t\t\t<section class=\"elementor-section elementor-top-section elementor-element elementor-element-a176b68 elementor-section-boxed elementor-section-height-default elementor-section-height-default\" data-id=\"a176b68\" data-element_type=\"section\" data-e-type=\"section\">\n\t\t\t\t\t\t<div class=\"elementor-container elementor-column-gap-default\">\n\t\t\t\t\t<div class=\"elementor-column elementor-col-100 elementor-top-column elementor-element elementor-element-6fb9863 elementor-invisible\" data-id=\"6fb9863\" data-element_type=\"column\" data-e-type=\"column\" data-settings=\"{&quot;animation&quot;:&quot;fadeInUp&quot;}\">\n\t\t\t<div class=\"elementor-widget-wrap elementor-element-populated\">\n\t\t\t\t\t\t<div class=\"elementor-element elementor-element-82c9869 elementor-widget elementor-widget-heading\" data-id=\"82c9869\" data-element_type=\"widget\" data-e-type=\"widget\" data-widget_type=\"heading.default\">\n\t\t\t\t<div class=\"elementor-widget-container\">\n\t\t\t\t\t<h1 class=\"elementor-heading-title elementor-size-xl\">Climate, Environment and Nature Activities\n<\/h1>\t\t\t\t<\/div>\n\t\t\t\t<\/div>\n\t\t\t\t<section class=\"elementor-section elementor-inner-section elementor-element elementor-element-4ed8105 elementor-section-boxed elementor-section-height-default elementor-section-height-default\" data-id=\"4ed8105\" data-element_type=\"section\" data-e-type=\"section\">\n\t\t\t\t\t\t<div class=\"elementor-container elementor-column-gap-default\">\n\t\t\t\t\t<div class=\"elementor-column elementor-col-50 elementor-inner-column elementor-element elementor-element-6447394\" data-id=\"6447394\" data-element_type=\"column\" data-e-type=\"column\">\n\t\t\t<div class=\"elementor-widget-wrap elementor-element-populated\">\n\t\t\t\t\t\t<div class=\"elementor-element elementor-element-781dbc1 elementor-widget elementor-widget-image\" data-id=\"781dbc1\" data-element_type=\"widget\" data-e-type=\"widget\" data-widget_type=\"image.default\">\n\t\t\t\t<div class=\"elementor-widget-container\">\n\t\t\t\t\t\t\t\t\t\t\t\t\t\t\t<img fetchpriority=\"high\" decoding=\"async\" width=\"1024\" height=\"698\" src=\"https:\/\/e-iao.com\/en\/wp-content\/uploads\/2022\/06\/climate-change-concept-collage-scaled.jpg\" class=\"attachment-large size-large wp-image-1765\" alt=\"iklim de\u011fi\u015fikli\u011fi\" srcset=\"https:\/\/e-iao.com\/en\/wp-content\/uploads\/2022\/06\/climate-change-concept-collage-scaled.jpg 2560w, https:\/\/e-iao.com\/en\/wp-content\/uploads\/2022\/06\/climate-change-concept-collage-scaled-800x545.jpg 800w\" sizes=\"(max-width: 1024px) 100vw, 1024px\" title=\"\">\t\t\t\t\t\t\t\t\t\t\t\t\t\t\t<\/div>\n\t\t\t\t<\/div>\n\t\t\t\t<div class=\"elementor-element elementor-element-138d0a8 elementor-widget elementor-widget-image\" data-id=\"138d0a8\" data-element_type=\"widget\" data-e-type=\"widget\" data-widget_type=\"image.default\">\n\t\t\t\t<div class=\"elementor-widget-container\">\n\t\t\t\t\t\t\t\t\t\t\t\t\t\t\t<img decoding=\"async\" width=\"2000\" height=\"1333\" src=\"https:\/\/e-iao.com\/en\/wp-content\/uploads\/2022\/07\/iklim.jpg\" class=\"attachment-full size-full wp-image-2056\" alt=\"\" srcset=\"https:\/\/e-iao.com\/en\/wp-content\/uploads\/2022\/07\/iklim.jpg 2000w, https:\/\/e-iao.com\/en\/wp-content\/uploads\/2022\/07\/iklim-800x533.jpg 800w, https:\/\/e-iao.com\/en\/wp-content\/uploads\/2022\/07\/iklim-300x200.jpg 300w, https:\/\/e-iao.com\/en\/wp-content\/uploads\/2022\/07\/iklim-1024x682.jpg 1024w, https:\/\/e-iao.com\/en\/wp-content\/uploads\/2022\/07\/iklim-768x512.jpg 768w, https:\/\/e-iao.com\/en\/wp-content\/uploads\/2022\/07\/iklim-1536x1024.jpg 1536w\" sizes=\"(max-width: 2000px) 100vw, 2000px\" title=\"\">\t\t\t\t\t\t\t\t\t\t\t\t\t\t\t<\/div>\n\t\t\t\t<\/div>\n\t\t\t\t\t<\/div>\n\t\t<\/div>\n\t\t\t\t<div class=\"elementor-column elementor-col-50 elementor-inner-column elementor-element elementor-element-28f05f3\" data-id=\"28f05f3\" data-element_type=\"column\" data-e-type=\"column\">\n\t\t\t<div class=\"elementor-widget-wrap elementor-element-populated\">\n\t\t\t\t\t\t<div class=\"elementor-element elementor-element-4bc0914 elementor-widget elementor-widget-text-editor\" data-id=\"4bc0914\" data-element_type=\"widget\" data-e-type=\"widget\" data-widget_type=\"text-editor.default\">\n\t\t\t\t<div class=\"elementor-widget-container\">\n\t\t\t\t\t\t\t\t\t<p>Our Association;<\/p><p>Our association works to strengthen resilience and adaptation capacity against climate change-related hazards and natural disasters at the local level by conducting research, developing projects, and preparing plans, raising awareness for risky areas.<\/p><p>We support efforts to incorporate climate change mitigation and adaptation measures into national policies, strategies, and planning processes.<\/p><p>We provide education, awareness-raising, and capacity-building for individuals and institutions in the fields of climate change prevention, mitigation of its effects, and adaptation to it, as well as early warning systems.<\/p><p>We develop programs and projects to raise funds from the Green Climate Fund and other relevant funds under the United Nations Framework Convention on Climate Change, to meet the needs of least developed and developing countries.<\/p><p>We develop mechanisms to enhance planning and management capacities focused on women, youth, and local and marginalized communities, including small island developing states, to address climate change, and provide support to local organizations.<\/p>\t\t\t\t\t\t\t\t<\/div>\n\t\t\t\t<\/div>\n\t\t\t\t\t<\/div>\n\t\t<\/div>\n\t\t\t\t\t<\/div>\n\t\t<\/section>\n\t\t\t\t<section class=\"elementor-section elementor-inner-section elementor-element elementor-element-59132b9 elementor-section-boxed elementor-section-height-default elementor-section-height-default\" data-id=\"59132b9\" data-element_type=\"section\" data-e-type=\"section\">\n\t\t\t\t\t\t<div class=\"elementor-container elementor-column-gap-default\">\n\t\t\t\t\t<div class=\"elementor-column elementor-col-50 elementor-inner-column elementor-element elementor-element-40735ea\" data-id=\"40735ea\" data-element_type=\"column\" data-e-type=\"column\">\n\t\t\t<div class=\"elementor-widget-wrap elementor-element-populated\">\n\t\t\t\t\t\t<div class=\"elementor-element elementor-element-d1e1159 elementor-widget elementor-widget-text-editor\" data-id=\"d1e1159\" data-element_type=\"widget\" data-e-type=\"widget\" data-widget_type=\"text-editor.default\">\n\t\t\t\t<div class=\"elementor-widget-container\">\n\t\t\t\t\t\t\t\t\t<p>Within the scope of protecting and improving the natural environment and wildlife, with the awareness of healthy and safe sustainable environment, to raise awareness on waste, separation of waste, purification, recycling and prevention of air, water, soil, noise, visual pollution within the scope of zero waste projects, to develop model projects and applications,\u00a0<\/p><p>To carry out research on all kinds of environmental problems, to have them done, to support people and organizations working for this purpose in cooperation,\u00a0<\/p><p>To create projects and campaigns in the country and abroad, especially for stray animals in need of care, on issues such as sheltering, nutrition and curing their diseases, to cooperate by supporting the works of existing associations with the same purpose,<\/p><p>Developing integrated projects and exemplary practices for immediate decomposition of wastes in the environment where they are produced, collection and storage of decomposed wastes in accordance with the technique, recycling, recovery and disposal in specialized institutions and modern facilities with the goal of \u201cZero Waste\u201d<\/p><p>It operates in areas that are in line with the vision and mission of the organization, such as supporting the development and dissemination of the use of alternative natural materials instead of plastics.<\/p>\t\t\t\t\t\t\t\t<\/div>\n\t\t\t\t<\/div>\n\t\t\t\t\t<\/div>\n\t\t<\/div>\n\t\t\t\t<div class=\"elementor-column elementor-col-50 elementor-inner-column elementor-element elementor-element-4ec5bfb\" data-id=\"4ec5bfb\" data-element_type=\"column\" data-e-type=\"column\">\n\t\t\t<div class=\"elementor-widget-wrap elementor-element-populated\">\n\t\t\t\t\t\t<div class=\"elementor-element elementor-element-4500a9b elementor-widget elementor-widget-image\" data-id=\"4500a9b\" data-element_type=\"widget\" data-e-type=\"widget\" data-widget_type=\"image.default\">\n\t\t\t\t<div class=\"elementor-widget-container\">\n\t\t\t\t\t\t\t\t\t\t\t\t\t\t\t<img decoding=\"async\" width=\"1024\" height=\"1024\" src=\"https:\/\/e-iao.com\/en\/wp-content\/uploads\/2022\/06\/doga-1024x1024.jpg\" class=\"attachment-large size-large wp-image-1752\" alt=\"Do\u011fa Faaliyetleri\" srcset=\"https:\/\/e-iao.com\/en\/wp-content\/uploads\/2022\/06\/doga-1024x1024.jpg 1024w, https:\/\/e-iao.com\/en\/wp-content\/uploads\/2022\/06\/doga-scaled-800x800.jpg 800w, https:\/\/e-iao.com\/en\/wp-content\/uploads\/2022\/06\/doga-scaled-100x100.jpg 100w, https:\/\/e-iao.com\/en\/wp-content\/uploads\/2022\/06\/doga-300x300.jpg 300w, https:\/\/e-iao.com\/en\/wp-content\/uploads\/2022\/06\/doga-150x150.jpg 150w, https:\/\/e-iao.com\/en\/wp-content\/uploads\/2022\/06\/doga-768x768.jpg 768w, https:\/\/e-iao.com\/en\/wp-content\/uploads\/2022\/06\/doga-1536x1536.jpg 1536w, https:\/\/e-iao.com\/en\/wp-content\/uploads\/2022\/06\/doga-2048x2048.jpg 2048w\" sizes=\"(max-width: 1024px) 100vw, 1024px\" title=\"\">\t\t\t\t\t\t\t\t\t\t\t\t\t\t\t<\/div>\n\t\t\t\t<\/div>\n\t\t\t\t\t<\/div>\n\t\t<\/div>\n\t\t\t\t\t<\/div>\n\t\t<\/section>\n\t\t\t\t\t<\/div>\n\t\t<\/div>\n\t\t\t\t\t<\/div>\n\t\t<\/section>\n\t\t\t\t<\/div>\n\t\t","protected":false},"excerpt":{"rendered":"<p>Climate, Environment and Nature Activities Our Association; Our association works to strengthen resilience and adaptation capacity against climate change-related hazards and natural disasters at the local level by conducting research, developing projects, and preparing plans, raising awareness for risky areas. We support efforts to incorporate climate change mitigation and adaptation measures into national policies, strategies, [&hellip;]<\/p>\n","protected":false},"author":7,"featured_media":1769,"parent":0,"menu_order":0,"comment_status":"closed","ping_status":"closed","template":"elementor_header_footer","meta":{"site-sidebar-layout":"default","site-content-layout":"","ast-site-content-layout":"default","site-content-style":"default","site-sidebar-style":"default","ast-global-header-display":"","ast-banner-title-visibility":"","ast-main-header-display":"","ast-hfb-above-header-display":"","ast-hfb-below-header-display":"","ast-hfb-mobile-header-display":"","site-post-title":"","ast-breadcrumbs-content":"","ast-featured-img":"","footer-sml-layout":"","ast-disable-related-posts":"","theme-transparent-header-meta":"","adv-header-id-meta":"","stick-header-meta":"","header-above-stick-meta":"","header-main-stick-meta":"","header-below-stick-meta":"","astra-migrate-meta-layouts":"default","ast-page-background-enabled":"default","ast-page-background-meta":{"desktop":{"background-color":"var(--ast-global-color-4)","background-image":"","background-repeat":"repeat","background-position":"center center","background-size":"auto","background-attachment":"scroll","background-type":"","background-media":"","overlay-type":"","overlay-color":"","overlay-opacity":"","overlay-gradient":""},"tablet":{"background-color":"","background-image":"","background-repeat":"repeat","background-position":"center center","background-size":"auto","background-attachment":"scroll","background-type":"","background-media":"","overlay-type":"","overlay-color":"","overlay-opacity":"","overlay-gradient":""},"mobile":{"background-color":"","background-image":"","background-repeat":"repeat","background-position":"center center","background-size":"auto","background-attachment":"scroll","background-type":"","background-media":"","overlay-type":"","overlay-color":"","overlay-opacity":"","overlay-gradient":""}},"ast-content-background-meta":{"desktop":{"background-color":"var(--ast-global-color-5)","background-image":"","background-repeat":"repeat","background-position":"center center","background-size":"auto","background-attachment":"scroll","background-type":"","background-media":"","overlay-type":"","overlay-color":"","overlay-opacity":"","overlay-gradient":""},"tablet":{"background-color":"var(--ast-global-color-5)","background-image":"","background-repeat":"repeat","background-position":"center center","background-size":"auto","background-attachment":"scroll","background-type":"","background-media":"","overlay-type":"","overlay-color":"","overlay-opacity":"","overlay-gradient":""},"mobile":{"background-color":"var(--ast-global-color-5)","background-image":"","background-repeat":"repeat","background-position":"center center","background-size":"auto","background-attachment":"scroll","background-type":"","background-media":"","overlay-type":"","overlay-color":"","overlay-opacity":"","overlay-gradient":""}},"footnotes":""},"class_list":["post-1650","page","type-page","status-publish","has-post-thumbnail","hentry"],"_links":{"self":[{"href":"https:\/\/e-iao.com\/en\/wp-json\/wp\/v2\/pages\/1650","targetHints":{"allow":["GET"]}}],"collection":[{"href":"https:\/\/e-iao.com\/en\/wp-json\/wp\/v2\/pages"}],"about":[{"href":"https:\/\/e-iao.com\/en\/wp-json\/wp\/v2\/types\/page"}],"author":[{"embeddable":true,"href":"https:\/\/e-iao.com\/en\/wp-json\/wp\/v2\/users\/7"}],"replies":[{"embeddable":true,"href":"https:\/\/e-iao.com\/en\/wp-json\/wp\/v2\/comments?post=1650"}],"version-history":[{"count":2,"href":"https:\/\/e-iao.com\/en\/wp-json\/wp\/v2\/pages\/1650\/revisions"}],"predecessor-version":[{"id":3566,"href":"https:\/\/e-iao.com\/en\/wp-json\/wp\/v2\/pages\/1650\/revisions\/3566"}],"wp:featuredmedia":[{"embeddable":true,"href":"https:\/\/e-iao.com\/en\/wp-json\/wp\/v2\/media\/1769"}],"wp:attachment":[{"href":"https:\/\/e-iao.com\/en\/wp-json\/wp\/v2\/media?parent=1650"}],"curies":[{"name":"wp","href":"https:\/\/api.w.org\/{rel}","templated":true}]}}