{"id":1352,"date":"2022-05-19T23:27:47","date_gmt":"2022-05-19T20:27:47","guid":{"rendered":"https:\/\/e-iao.com\/en\/?page_id=1352"},"modified":"2023-04-08T23:18:37","modified_gmt":"2023-04-08T20:18:37","slug":"humanitarian-aid-and-relief-organizations","status":"publish","type":"page","link":"https:\/\/e-iao.com\/en\/humanitarian-aid-and-relief-organizations\/","title":{"rendered":"Humanitarian Aid and Relief Organizations\u200b"},"content":{"rendered":"\t\t<div data-elementor-type=\"wp-page\" data-elementor-id=\"1352\" class=\"elementor elementor-1352\" data-elementor-post-type=\"page\">\n\t\t\t\t\t\t<section class=\"elementor-section elementor-top-section elementor-element elementor-element-a176b68 elementor-section-boxed elementor-section-height-default elementor-section-height-default\" data-id=\"a176b68\" data-element_type=\"section\" data-e-type=\"section\">\n\t\t\t\t\t\t<div class=\"elementor-container elementor-column-gap-default\">\n\t\t\t\t\t<div class=\"elementor-column elementor-col-100 elementor-top-column elementor-element elementor-element-6fb9863 elementor-invisible\" data-id=\"6fb9863\" data-element_type=\"column\" data-e-type=\"column\" data-settings=\"{&quot;animation&quot;:&quot;fadeInUp&quot;}\">\n\t\t\t<div class=\"elementor-widget-wrap elementor-element-populated\">\n\t\t\t\t\t\t<div class=\"elementor-element elementor-element-82c9869 elementor-widget elementor-widget-heading\" data-id=\"82c9869\" data-element_type=\"widget\" data-e-type=\"widget\" data-widget_type=\"heading.default\">\n\t\t\t\t<div class=\"elementor-widget-container\">\n\t\t\t\t\t<h1 class=\"elementor-heading-title elementor-size-xl\">Humanitarian Aid and Relief Organizations<\/h1>\t\t\t\t<\/div>\n\t\t\t\t<\/div>\n\t\t\t\t<section class=\"elementor-section elementor-inner-section elementor-element elementor-element-4ed8105 elementor-section-boxed elementor-section-height-default elementor-section-height-default\" data-id=\"4ed8105\" data-element_type=\"section\" data-e-type=\"section\">\n\t\t\t\t\t\t<div class=\"elementor-container elementor-column-gap-default\">\n\t\t\t\t\t<div class=\"elementor-column elementor-col-50 elementor-inner-column elementor-element elementor-element-28f05f3\" data-id=\"28f05f3\" data-element_type=\"column\" data-e-type=\"column\">\n\t\t\t<div class=\"elementor-widget-wrap elementor-element-populated\">\n\t\t\t\t\t\t<div class=\"elementor-element elementor-element-3276950 elementor-widget elementor-widget-heading\" data-id=\"3276950\" data-element_type=\"widget\" data-e-type=\"widget\" data-widget_type=\"heading.default\">\n\t\t\t\t<div class=\"elementor-widget-container\">\n\t\t\t\t\t<h2 class=\"elementor-heading-title elementor-size-medium\">Humanitarian Aid and Relief Organizations<\/h2>\t\t\t\t<\/div>\n\t\t\t\t<\/div>\n\t\t\t\t<div class=\"elementor-element elementor-element-4bc0914 elementor-widget elementor-widget-text-editor\" data-id=\"4bc0914\" data-element_type=\"widget\" data-e-type=\"widget\" data-widget_type=\"text-editor.default\">\n\t\t\t\t<div class=\"elementor-widget-container\">\n\t\t\t\t\t\t\t\t\t<p>Our organization aims to:<\/p><p>Develop sustainable humanitarian aid standards and programs by evaluating all situations requiring humanitarian aid and corresponding aid methods, types, amounts, priorities, collection, transportation, and logistics,<\/p><p>Plan and implement effective, adequate, and sustainable humanitarian aid organizations by prioritizing the needs of the people in our country and neighboring countries, as well as those who need assistance and are unable to access it according to global standards,<\/p><p>Develop aid and organization strategies in the areas of rescue, communication, health, shelter, safety and protection, clean water and food, clothing, energy, transportation, education, production, social, cultural, economic, environmental, and development,<\/p><p>Work towards the integration and institutionalization of national and international humanitarian aid and relief organizations.<\/p>\t\t\t\t\t\t\t\t<\/div>\n\t\t\t\t<\/div>\n\t\t\t\t\t<\/div>\n\t\t<\/div>\n\t\t\t\t<div class=\"elementor-column elementor-col-50 elementor-inner-column elementor-element elementor-element-42759bf\" data-id=\"42759bf\" data-element_type=\"column\" data-e-type=\"column\">\n\t\t\t<div class=\"elementor-widget-wrap elementor-element-populated\">\n\t\t\t\t\t\t<div class=\"elementor-element elementor-element-d32c65e elementor-widget elementor-widget-image\" data-id=\"d32c65e\" data-element_type=\"widget\" data-e-type=\"widget\" data-widget_type=\"image.default\">\n\t\t\t\t<div class=\"elementor-widget-container\">\n\t\t\t\t\t\t\t\t\t\t\t\t\t\t\t<img fetchpriority=\"high\" decoding=\"async\" width=\"1183\" height=\"1183\" src=\"https:\/\/e-iao.com\/en\/wp-content\/uploads\/2022\/06\/4.jpg\" class=\"attachment-full size-full wp-image-1561\" alt=\"\u0130nsani yard\u0131m\" srcset=\"https:\/\/e-iao.com\/en\/wp-content\/uploads\/2022\/06\/4.jpg 1183w, https:\/\/e-iao.com\/en\/wp-content\/uploads\/2022\/06\/4-800x800.jpg 800w, https:\/\/e-iao.com\/en\/wp-content\/uploads\/2022\/06\/4-100x100.jpg 100w\" sizes=\"(max-width: 1183px) 100vw, 1183px\" title=\"\">\t\t\t\t\t\t\t\t\t\t\t\t\t\t\t<\/div>\n\t\t\t\t<\/div>\n\t\t\t\t\t<\/div>\n\t\t<\/div>\n\t\t\t\t\t<\/div>\n\t\t<\/section>\n\t\t\t\t<section class=\"elementor-section elementor-inner-section elementor-element elementor-element-065d99d elementor-section-boxed elementor-section-height-default elementor-section-height-default elementor-invisible\" data-id=\"065d99d\" data-element_type=\"section\" data-e-type=\"section\" data-settings=\"{&quot;animation&quot;:&quot;fadeInUp&quot;}\">\n\t\t\t\t\t\t<div class=\"elementor-container elementor-column-gap-default\">\n\t\t\t\t\t<div class=\"elementor-column elementor-col-50 elementor-inner-column elementor-element elementor-element-239633f\" data-id=\"239633f\" data-element_type=\"column\" data-e-type=\"column\">\n\t\t\t<div class=\"elementor-widget-wrap elementor-element-populated\">\n\t\t\t\t\t\t<div class=\"elementor-element elementor-element-2f708ce elementor-widget elementor-widget-image\" data-id=\"2f708ce\" data-element_type=\"widget\" data-e-type=\"widget\" data-widget_type=\"image.default\">\n\t\t\t\t<div class=\"elementor-widget-container\">\n\t\t\t\t\t\t\t\t\t\t\t\t\t\t\t<img decoding=\"async\" width=\"1024\" height=\"683\" src=\"https:\/\/e-iao.com\/en\/wp-content\/uploads\/2023\/01\/IMG-20230126-WA0012-1024x683.jpg\" class=\"attachment-large size-large wp-image-3015\" alt=\"\u0130nsani Yard\u0131m ve Yard\u0131m Organizasyonlar\u0131\" srcset=\"https:\/\/e-iao.com\/en\/wp-content\/uploads\/2023\/01\/IMG-20230126-WA0012-1024x683.jpg 1024w, https:\/\/e-iao.com\/en\/wp-content\/uploads\/2023\/01\/IMG-20230126-WA0012-800x533.jpg 800w, https:\/\/e-iao.com\/en\/wp-content\/uploads\/2023\/01\/IMG-20230126-WA0012-300x200.jpg 300w, https:\/\/e-iao.com\/en\/wp-content\/uploads\/2023\/01\/IMG-20230126-WA0012-768x512.jpg 768w, https:\/\/e-iao.com\/en\/wp-content\/uploads\/2023\/01\/IMG-20230126-WA0012.jpg 1080w\" sizes=\"(max-width: 1024px) 100vw, 1024px\" title=\"\">\t\t\t\t\t\t\t\t\t\t\t\t\t\t\t<\/div>\n\t\t\t\t<\/div>\n\t\t\t\t\t<\/div>\n\t\t<\/div>\n\t\t\t\t<div class=\"elementor-column elementor-col-50 elementor-inner-column elementor-element elementor-element-f27c146\" data-id=\"f27c146\" data-element_type=\"column\" data-e-type=\"column\">\n\t\t\t<div class=\"elementor-widget-wrap elementor-element-populated\">\n\t\t\t\t\t\t<div class=\"elementor-element elementor-element-3f76acf elementor-widget elementor-widget-heading\" data-id=\"3f76acf\" data-element_type=\"widget\" data-e-type=\"widget\" data-widget_type=\"heading.default\">\n\t\t\t\t<div class=\"elementor-widget-container\">\n\t\t\t\t\t<h2 class=\"elementor-heading-title elementor-size-medium\">Fighting Hunger<\/h2>\t\t\t\t<\/div>\n\t\t\t\t<\/div>\n\t\t\t\t<div class=\"elementor-element elementor-element-61bd6ed elementor-widget elementor-widget-text-editor\" data-id=\"61bd6ed\" data-element_type=\"widget\" data-e-type=\"widget\" data-widget_type=\"text-editor.default\">\n\t\t\t\t<div class=\"elementor-widget-container\">\n\t\t\t\t\t\t\t\t\t<h5>Fighting Hunger<\/h5><p>Conducting social and scientific studies on the causes of hunger in the world and developing exemplary and sustainable gradual projects and organizations to prevent them,<\/p><p>Establishing programs and facilities that will enable groups at risk of hunger, with priority given to such groups, to access clean water and food urgently, and providing in-kind and cash assistance,<\/p><p>Establishing sustainable facilities and programs in proximity to groups at constant risk of hunger for the provision of clean water, basic agricultural and livestock activities, and production, storage, and distribution of food items,<\/p><p>Assisting and collaborating with local relevant organizations for individuals or small groups at risk of hunger.<\/p>\t\t\t\t\t\t\t\t<\/div>\n\t\t\t\t<\/div>\n\t\t\t\t\t<\/div>\n\t\t<\/div>\n\t\t\t\t\t<\/div>\n\t\t<\/section>\n\t\t\t\t<section class=\"elementor-section elementor-inner-section elementor-element elementor-element-f95c9d4 elementor-section-boxed elementor-section-height-default elementor-section-height-default elementor-invisible\" data-id=\"f95c9d4\" data-element_type=\"section\" data-e-type=\"section\" data-settings=\"{&quot;animation&quot;:&quot;zoomIn&quot;}\">\n\t\t\t\t\t\t<div class=\"elementor-container elementor-column-gap-default\">\n\t\t\t\t\t<div class=\"elementor-column elementor-col-50 elementor-inner-column elementor-element elementor-element-44f0eb8\" data-id=\"44f0eb8\" data-element_type=\"column\" data-e-type=\"column\">\n\t\t\t<div class=\"elementor-widget-wrap elementor-element-populated\">\n\t\t\t\t\t\t<div class=\"elementor-element elementor-element-5e17339 elementor-widget elementor-widget-heading\" data-id=\"5e17339\" data-element_type=\"widget\" data-e-type=\"widget\" data-widget_type=\"heading.default\">\n\t\t\t\t<div class=\"elementor-widget-container\">\n\t\t\t\t\t<h2 class=\"elementor-heading-title elementor-size-medium\">Fighting Poverty<\/h2>\t\t\t\t<\/div>\n\t\t\t\t<\/div>\n\t\t\t\t<div class=\"elementor-element elementor-element-ea341de elementor-widget elementor-widget-text-editor\" data-id=\"ea341de\" data-element_type=\"widget\" data-e-type=\"widget\" data-widget_type=\"text-editor.default\">\n\t\t\t\t<div class=\"elementor-widget-container\">\n\t\t\t\t\t\t\t\t\t<h5>Fighting Poverty<\/h5><p>To conduct social and scientific studies to prevent the reasons for poverty of communities living below the poverty line in the world, and to develop exemplary and sustainable gradual projects and organizations,<\/p><p>To develop emergency aid programs that can be reached by communities at high risk of poverty, and to provide in-kind and cash aid,<\/p><p>To develop sustainable programs for free and easy access to temporary housing, healthcare, security, advocacy of rights, and education services for the poor,<\/p><p>In addition to employment, access to production tools, production efficiency, evaluation of production products, entrepreneurship, skills, and vocational training, to develop national plans, projects, and effective programs on social services, social support, and management of work risks for working poor,<\/p><p>To operate in areas that are compatible with the organization&#8217;s vision and mission, such as assisting and collaborating with relevant local organizations for poor individuals or small groups.<\/p>\t\t\t\t\t\t\t\t<\/div>\n\t\t\t\t<\/div>\n\t\t\t\t\t<\/div>\n\t\t<\/div>\n\t\t\t\t<div class=\"elementor-column elementor-col-50 elementor-inner-column elementor-element elementor-element-50b7093\" data-id=\"50b7093\" data-element_type=\"column\" data-e-type=\"column\">\n\t\t\t<div class=\"elementor-widget-wrap elementor-element-populated\">\n\t\t\t\t\t\t<div class=\"elementor-element elementor-element-d409a8f elementor-widget elementor-widget-image\" data-id=\"d409a8f\" data-element_type=\"widget\" data-e-type=\"widget\" data-widget_type=\"image.default\">\n\t\t\t\t<div class=\"elementor-widget-container\">\n\t\t\t\t\t\t\t\t\t\t\t\t\t\t\t<img decoding=\"async\" width=\"1500\" height=\"1001\" src=\"https:\/\/e-iao.com\/en\/wp-content\/uploads\/2023\/01\/Ayni-yardimlar-12.jpg\" class=\"attachment-full size-full wp-image-2919\" alt=\"\u0130nsani Yard\u0131m ve Yard\u0131m Organizasyonlar\u0131\" srcset=\"https:\/\/e-iao.com\/en\/wp-content\/uploads\/2023\/01\/Ayni-yardimlar-12.jpg 1500w, https:\/\/e-iao.com\/en\/wp-content\/uploads\/2023\/01\/Ayni-yardimlar-12-800x534.jpg 800w, https:\/\/e-iao.com\/en\/wp-content\/uploads\/2023\/01\/Ayni-yardimlar-12-300x200.jpg 300w, https:\/\/e-iao.com\/en\/wp-content\/uploads\/2023\/01\/Ayni-yardimlar-12-1024x683.jpg 1024w, https:\/\/e-iao.com\/en\/wp-content\/uploads\/2023\/01\/Ayni-yardimlar-12-768x513.jpg 768w\" sizes=\"(max-width: 1500px) 100vw, 1500px\" title=\"\">\t\t\t\t\t\t\t\t\t\t\t\t\t\t\t<\/div>\n\t\t\t\t<\/div>\n\t\t\t\t\t<\/div>\n\t\t<\/div>\n\t\t\t\t\t<\/div>\n\t\t<\/section>\n\t\t\t\t\t<\/div>\n\t\t<\/div>\n\t\t\t\t\t<\/div>\n\t\t<\/section>\n\t\t\t\t<\/div>\n\t\t","protected":false},"excerpt":{"rendered":"<p>Humanitarian Aid and Relief Organizations Humanitarian Aid and Relief Organizations Our organization aims to: Develop sustainable humanitarian aid standards and programs by evaluating all situations requiring humanitarian aid and corresponding aid methods, types, amounts, priorities, collection, transportation, and logistics, Plan and implement effective, adequate, and sustainable humanitarian aid organizations by prioritizing the needs of the [&hellip;]<\/p>\n","protected":false},"author":7,"featured_media":0,"parent":0,"menu_order":0,"comment_status":"closed","ping_status":"closed","template":"elementor_header_footer","meta":{"site-sidebar-layout":"default","site-content-layout":"","ast-site-content-layout":"default","site-content-style":"default","site-sidebar-style":"default","ast-global-header-display":"","ast-banner-title-visibility":"","ast-main-header-display":"","ast-hfb-above-header-display":"","ast-hfb-below-header-display":"","ast-hfb-mobile-header-display":"","site-post-title":"","ast-breadcrumbs-content":"","ast-featured-img":"","footer-sml-layout":"","ast-disable-related-posts":"","theme-transparent-header-meta":"","adv-header-id-meta":"","stick-header-meta":"","header-above-stick-meta":"","header-main-stick-meta":"","header-below-stick-meta":"","astra-migrate-meta-layouts":"default","ast-page-background-enabled":"default","ast-page-background-meta":{"desktop":{"background-color":"var(--ast-global-color-4)","background-image":"","background-repeat":"repeat","background-position":"center center","background-size":"auto","background-attachment":"scroll","background-type":"","background-media":"","overlay-type":"","overlay-color":"","overlay-opacity":"","overlay-gradient":""},"tablet":{"background-color":"","background-image":"","background-repeat":"repeat","background-position":"center center","background-size":"auto","background-attachment":"scroll","background-type":"","background-media":"","overlay-type":"","overlay-color":"","overlay-opacity":"","overlay-gradient":""},"mobile":{"background-color":"","background-image":"","background-repeat":"repeat","background-position":"center center","background-size":"auto","background-attachment":"scroll","background-type":"","background-media":"","overlay-type":"","overlay-color":"","overlay-opacity":"","overlay-gradient":""}},"ast-content-background-meta":{"desktop":{"background-color":"var(--ast-global-color-5)","background-image":"","background-repeat":"repeat","background-position":"center center","background-size":"auto","background-attachment":"scroll","background-type":"","background-media":"","overlay-type":"","overlay-color":"","overlay-opacity":"","overlay-gradient":""},"tablet":{"background-color":"var(--ast-global-color-5)","background-image":"","background-repeat":"repeat","background-position":"center center","background-size":"auto","background-attachment":"scroll","background-type":"","background-media":"","overlay-type":"","overlay-color":"","overlay-opacity":"","overlay-gradient":""},"mobile":{"background-color":"var(--ast-global-color-5)","background-image":"","background-repeat":"repeat","background-position":"center center","background-size":"auto","background-attachment":"scroll","background-type":"","background-media":"","overlay-type":"","overlay-color":"","overlay-opacity":"","overlay-gradient":""}},"footnotes":""},"class_list":["post-1352","page","type-page","status-publish","hentry"],"_links":{"self":[{"href":"https:\/\/e-iao.com\/en\/wp-json\/wp\/v2\/pages\/1352","targetHints":{"allow":["GET"]}}],"collection":[{"href":"https:\/\/e-iao.com\/en\/wp-json\/wp\/v2\/pages"}],"about":[{"href":"https:\/\/e-iao.com\/en\/wp-json\/wp\/v2\/types\/page"}],"author":[{"embeddable":true,"href":"https:\/\/e-iao.com\/en\/wp-json\/wp\/v2\/users\/7"}],"replies":[{"embeddable":true,"href":"https:\/\/e-iao.com\/en\/wp-json\/wp\/v2\/comments?post=1352"}],"version-history":[{"count":2,"href":"https:\/\/e-iao.com\/en\/wp-json\/wp\/v2\/pages\/1352\/revisions"}],"predecessor-version":[{"id":3692,"href":"https:\/\/e-iao.com\/en\/wp-json\/wp\/v2\/pages\/1352\/revisions\/3692"}],"wp:attachment":[{"href":"https:\/\/e-iao.com\/en\/wp-json\/wp\/v2\/media?parent=1352"}],"curies":[{"name":"wp","href":"https:\/\/api.w.org\/{rel}","templated":true}]}}