{"id":1338,"date":"2022-05-19T23:24:39","date_gmt":"2022-05-19T20:24:39","guid":{"rendered":"https:\/\/e-iao.com\/en\/?page_id=1338"},"modified":"2023-04-08T23:47:57","modified_gmt":"2023-04-08T20:47:57","slug":"permanent-works","status":"publish","type":"page","link":"https:\/\/e-iao.com\/en\/permanent-works\/","title":{"rendered":"Permanent Works\u200b"},"content":{"rendered":"\t\t<div data-elementor-type=\"wp-page\" data-elementor-id=\"1338\" class=\"elementor elementor-1338\" data-elementor-post-type=\"page\">\n\t\t\t\t\t\t<section class=\"elementor-section elementor-top-section elementor-element elementor-element-a176b68 elementor-section-boxed elementor-section-height-default elementor-section-height-default\" data-id=\"a176b68\" data-element_type=\"section\" data-e-type=\"section\">\n\t\t\t\t\t\t<div class=\"elementor-container elementor-column-gap-default\">\n\t\t\t\t\t<div class=\"elementor-column elementor-col-100 elementor-top-column elementor-element elementor-element-6fb9863 elementor-invisible\" data-id=\"6fb9863\" data-element_type=\"column\" data-e-type=\"column\" data-settings=\"{&quot;animation&quot;:&quot;fadeInUp&quot;}\">\n\t\t\t<div class=\"elementor-widget-wrap elementor-element-populated\">\n\t\t\t\t\t\t<div class=\"elementor-element elementor-element-82c9869 elementor-widget elementor-widget-heading\" data-id=\"82c9869\" data-element_type=\"widget\" data-e-type=\"widget\" data-widget_type=\"heading.default\">\n\t\t\t\t<div class=\"elementor-widget-container\">\n\t\t\t\t\t<h1 class=\"elementor-heading-title elementor-size-xl\">Permanent Works<\/h1>\t\t\t\t<\/div>\n\t\t\t\t<\/div>\n\t\t\t\t<section class=\"elementor-section elementor-inner-section elementor-element elementor-element-4ed8105 elementor-section-boxed elementor-section-height-default elementor-section-height-default\" data-id=\"4ed8105\" data-element_type=\"section\" data-e-type=\"section\">\n\t\t\t\t\t\t<div class=\"elementor-container elementor-column-gap-default\">\n\t\t\t\t\t<div class=\"elementor-column elementor-col-50 elementor-inner-column elementor-element elementor-element-6447394\" data-id=\"6447394\" data-element_type=\"column\" data-e-type=\"column\">\n\t\t\t<div class=\"elementor-widget-wrap elementor-element-populated\">\n\t\t\t\t\t\t<div class=\"elementor-element elementor-element-781dbc1 elementor-invisible elementor-widget elementor-widget-image\" data-id=\"781dbc1\" data-element_type=\"widget\" data-e-type=\"widget\" data-settings=\"{&quot;_animation&quot;:&quot;fadeInLeft&quot;}\" data-widget_type=\"image.default\">\n\t\t\t\t<div class=\"elementor-widget-container\">\n\t\t\t\t\t\t\t\t\t\t\t\t\t\t\t<img fetchpriority=\"high\" decoding=\"async\" width=\"1000\" height=\"750\" src=\"https:\/\/e-iao.com\/en\/wp-content\/uploads\/2023\/01\/Su-kuyusu-4.jpg\" class=\"attachment-large size-large wp-image-2937\" alt=\"Su kuyusu yard\u0131mlar\u0131\" srcset=\"https:\/\/e-iao.com\/en\/wp-content\/uploads\/2023\/01\/Su-kuyusu-4.jpg 1000w, https:\/\/e-iao.com\/en\/wp-content\/uploads\/2023\/01\/Su-kuyusu-4-800x600.jpg 800w, https:\/\/e-iao.com\/en\/wp-content\/uploads\/2023\/01\/Su-kuyusu-4-300x225.jpg 300w, https:\/\/e-iao.com\/en\/wp-content\/uploads\/2023\/01\/Su-kuyusu-4-768x576.jpg 768w\" sizes=\"(max-width: 1000px) 100vw, 1000px\" title=\"\">\t\t\t\t\t\t\t\t\t\t\t\t\t\t\t<\/div>\n\t\t\t\t<\/div>\n\t\t\t\t\t<\/div>\n\t\t<\/div>\n\t\t\t\t<div class=\"elementor-column elementor-col-50 elementor-inner-column elementor-element elementor-element-28f05f3\" data-id=\"28f05f3\" data-element_type=\"column\" data-e-type=\"column\">\n\t\t\t<div class=\"elementor-widget-wrap elementor-element-populated\">\n\t\t\t\t\t\t<div class=\"elementor-element elementor-element-c687df0 elementor-widget elementor-widget-heading\" data-id=\"c687df0\" data-element_type=\"widget\" data-e-type=\"widget\" data-widget_type=\"heading.default\">\n\t\t\t\t<div class=\"elementor-widget-container\">\n\t\t\t\t\t<h2 class=\"elementor-heading-title elementor-size-medium\">Water Wells<\/h2>\t\t\t\t<\/div>\n\t\t\t\t<\/div>\n\t\t\t\t<div class=\"elementor-element elementor-element-4bc0914 elementor-widget elementor-widget-text-editor\" data-id=\"4bc0914\" data-element_type=\"widget\" data-e-type=\"widget\" data-widget_type=\"text-editor.default\">\n\t\t\t\t<div class=\"elementor-widget-container\">\n\t\t\t\t\t\t\t\t\t<p>Drinking water used by approximately 1.5 billion people is unhygienic. Dirty water; It steals the lives of around 1500 children every day with the cholera, diarrhea and typhoid fever it causes. The number of people who lose their lives every year due to drought, epidemics and difficulty in accessing water exceeds 2 million.<\/p><p>Drought, famine, poverty, rapid population growth and pollution are destroying clean drinking water sources. Since millions of people do not have healthy water, mass diseases are increasing in our world day by day. It is necessary to take serious and applicable measures to prevent the decrease of clean water resources. The dangers that people face are increasing day by day with the depleting water resources. In many parts of the world, especially in Africa and Asia, people have to walk for miles to meet their daily water needs. However, they can meet their water needs with the dirty and muddy water they can find. As Eko International Aid Organization, we provide hope to our people with our water well projects in arid lands.<\/p>\t\t\t\t\t\t\t\t<\/div>\n\t\t\t\t<\/div>\n\t\t\t\t\t<\/div>\n\t\t<\/div>\n\t\t\t\t\t<\/div>\n\t\t<\/section>\n\t\t\t\t<section class=\"elementor-section elementor-inner-section elementor-element elementor-element-0b9c9de elementor-section-boxed elementor-section-height-default elementor-section-height-default\" data-id=\"0b9c9de\" data-element_type=\"section\" data-e-type=\"section\">\n\t\t\t\t\t\t<div class=\"elementor-container elementor-column-gap-default\">\n\t\t\t\t\t<div class=\"elementor-column elementor-col-50 elementor-inner-column elementor-element elementor-element-987a32d\" data-id=\"987a32d\" data-element_type=\"column\" data-e-type=\"column\">\n\t\t\t<div class=\"elementor-widget-wrap elementor-element-populated\">\n\t\t\t\t\t\t<div class=\"elementor-element elementor-element-ffd02e4 elementor-widget elementor-widget-heading\" data-id=\"ffd02e4\" data-element_type=\"widget\" data-e-type=\"widget\" data-widget_type=\"heading.default\">\n\t\t\t\t<div class=\"elementor-widget-container\">\n\t\t\t\t\t<h2 class=\"elementor-heading-title elementor-size-medium\">Orphanages<\/h2>\t\t\t\t<\/div>\n\t\t\t\t<\/div>\n\t\t\t\t<div class=\"elementor-element elementor-element-7c4c2d6 elementor-widget elementor-widget-text-editor\" data-id=\"7c4c2d6\" data-element_type=\"widget\" data-e-type=\"widget\" data-widget_type=\"text-editor.default\">\n\t\t\t\t<div class=\"elementor-widget-container\">\n\t\t\t\t\t\t\t\t\t<p>There are millions of children in the world who have become orphans for various reasons. According to international data, millions of children are abducted every year for various reasons. Organ traffickers, human traffickers, and prostitution rings ruthlessly exploit children for their own financial gain. These children, who start life with many deficiencies, are either sold or used for missionary activities. Building orphanages for these children is crucial. We work to meet their needs and prepare them for life, providing them with a glimmer of hope.<\/p>\t\t\t\t\t\t\t\t<\/div>\n\t\t\t\t<\/div>\n\t\t\t\t\t<\/div>\n\t\t<\/div>\n\t\t\t\t<div class=\"elementor-column elementor-col-50 elementor-inner-column elementor-element elementor-element-3924835\" data-id=\"3924835\" data-element_type=\"column\" data-e-type=\"column\">\n\t\t\t<div class=\"elementor-widget-wrap elementor-element-populated\">\n\t\t\t\t\t\t<div class=\"elementor-element elementor-element-6088439 elementor-widget elementor-widget-image\" data-id=\"6088439\" data-element_type=\"widget\" data-e-type=\"widget\" data-widget_type=\"image.default\">\n\t\t\t\t<div class=\"elementor-widget-container\">\n\t\t\t\t\t\t\t\t\t\t\t\t\t\t\t<img decoding=\"async\" width=\"683\" height=\"1024\" src=\"https:\/\/e-iao.com\/en\/wp-content\/uploads\/2023\/01\/ZLH1849-683x1024.jpg\" class=\"attachment-large size-large wp-image-2817\" alt=\"Yetimhane\" srcset=\"https:\/\/e-iao.com\/en\/wp-content\/uploads\/2023\/01\/ZLH1849-683x1024.jpg 683w, https:\/\/e-iao.com\/en\/wp-content\/uploads\/2023\/01\/ZLH1849-rotated-800x1199.jpg 800w, https:\/\/e-iao.com\/en\/wp-content\/uploads\/2023\/01\/ZLH1849-200x300.jpg 200w, https:\/\/e-iao.com\/en\/wp-content\/uploads\/2023\/01\/ZLH1849-768x1151.jpg 768w, https:\/\/e-iao.com\/en\/wp-content\/uploads\/2023\/01\/ZLH1849-1025x1536.jpg 1025w, https:\/\/e-iao.com\/en\/wp-content\/uploads\/2023\/01\/ZLH1849-1367x2048.jpg 1367w, https:\/\/e-iao.com\/en\/wp-content\/uploads\/2023\/01\/ZLH1849-rotated.jpg 1500w\" sizes=\"(max-width: 683px) 100vw, 683px\" title=\"\">\t\t\t\t\t\t\t\t\t\t\t\t\t\t\t<\/div>\n\t\t\t\t<\/div>\n\t\t\t\t\t<\/div>\n\t\t<\/div>\n\t\t\t\t\t<\/div>\n\t\t<\/section>\n\t\t\t\t<section class=\"elementor-section elementor-inner-section elementor-element elementor-element-6824ca6 elementor-section-boxed elementor-section-height-default elementor-section-height-default\" data-id=\"6824ca6\" data-element_type=\"section\" data-e-type=\"section\">\n\t\t\t\t\t\t<div class=\"elementor-container elementor-column-gap-default\">\n\t\t\t\t\t<div class=\"elementor-column elementor-col-50 elementor-inner-column elementor-element elementor-element-61199d6\" data-id=\"61199d6\" data-element_type=\"column\" data-e-type=\"column\">\n\t\t\t<div class=\"elementor-widget-wrap elementor-element-populated\">\n\t\t\t\t\t\t<div class=\"elementor-element elementor-element-4bf1a2a elementor-widget elementor-widget-image\" data-id=\"4bf1a2a\" data-element_type=\"widget\" data-e-type=\"widget\" data-widget_type=\"image.default\">\n\t\t\t\t<div class=\"elementor-widget-container\">\n\t\t\t\t\t\t\t\t\t\t\t\t\t\t\t<img decoding=\"async\" width=\"1600\" height=\"1067\" src=\"https:\/\/e-iao.com\/en\/wp-content\/uploads\/2023\/01\/Saglik-Yardimlari-2.jpg\" class=\"attachment-full size-full wp-image-2928\" alt=\"Sa\u011fl\u0131k Yard\u0131mlar\u0131\" srcset=\"https:\/\/e-iao.com\/en\/wp-content\/uploads\/2023\/01\/Saglik-Yardimlari-2.jpg 1600w, https:\/\/e-iao.com\/en\/wp-content\/uploads\/2023\/01\/Saglik-Yardimlari-2-800x534.jpg 800w, https:\/\/e-iao.com\/en\/wp-content\/uploads\/2023\/01\/Saglik-Yardimlari-2-300x200.jpg 300w, https:\/\/e-iao.com\/en\/wp-content\/uploads\/2023\/01\/Saglik-Yardimlari-2-1024x683.jpg 1024w, https:\/\/e-iao.com\/en\/wp-content\/uploads\/2023\/01\/Saglik-Yardimlari-2-768x512.jpg 768w, https:\/\/e-iao.com\/en\/wp-content\/uploads\/2023\/01\/Saglik-Yardimlari-2-1536x1024.jpg 1536w\" sizes=\"(max-width: 1600px) 100vw, 1600px\" title=\"\">\t\t\t\t\t\t\t\t\t\t\t\t\t\t\t<\/div>\n\t\t\t\t<\/div>\n\t\t\t\t\t<\/div>\n\t\t<\/div>\n\t\t\t\t<div class=\"elementor-column elementor-col-50 elementor-inner-column elementor-element elementor-element-5a476c6\" data-id=\"5a476c6\" data-element_type=\"column\" data-e-type=\"column\">\n\t\t\t<div class=\"elementor-widget-wrap elementor-element-populated\">\n\t\t\t\t\t\t<div class=\"elementor-element elementor-element-7203a6f elementor-widget elementor-widget-heading\" data-id=\"7203a6f\" data-element_type=\"widget\" data-e-type=\"widget\" data-widget_type=\"heading.default\">\n\t\t\t\t<div class=\"elementor-widget-container\">\n\t\t\t\t\t<h2 class=\"elementor-heading-title elementor-size-medium\">Health Centers - Hospitals<\/h2>\t\t\t\t<\/div>\n\t\t\t\t<\/div>\n\t\t\t\t<div class=\"elementor-element elementor-element-d9187a2 elementor-widget elementor-widget-text-editor\" data-id=\"d9187a2\" data-element_type=\"widget\" data-e-type=\"widget\" data-widget_type=\"text-editor.default\">\n\t\t\t\t<div class=\"elementor-widget-container\">\n\t\t\t\t\t\t\t\t\t<p>In countries struggling with various issues such as political instability, conflicts, pandemics, and droughts, healthcare services hold an important place. The insufficiency of medical equipment, shortage of healthcare personnel, financial constraints, and unsterilized working areas in the health sector have negative impacts on people&#8217;s lives. There are millions of people around the world who lack access to healthcare services. To provide healthcare services in these regions, we establish healthcare clinics and hospitals with medical competence, which help people to have access to healthcare and live a healthier life.<\/p>\t\t\t\t\t\t\t\t<\/div>\n\t\t\t\t<\/div>\n\t\t\t\t\t<\/div>\n\t\t<\/div>\n\t\t\t\t\t<\/div>\n\t\t<\/section>\n\t\t\t\t<section class=\"elementor-section elementor-inner-section elementor-element elementor-element-24dfe0a elementor-section-boxed elementor-section-height-default elementor-section-height-default\" data-id=\"24dfe0a\" data-element_type=\"section\" data-e-type=\"section\">\n\t\t\t\t\t\t<div class=\"elementor-container elementor-column-gap-default\">\n\t\t\t\t\t<div class=\"elementor-column elementor-col-50 elementor-inner-column elementor-element elementor-element-6ec857c\" data-id=\"6ec857c\" data-element_type=\"column\" data-e-type=\"column\">\n\t\t\t<div class=\"elementor-widget-wrap elementor-element-populated\">\n\t\t\t\t\t\t<div class=\"elementor-element elementor-element-d5ca408 elementor-widget elementor-widget-heading\" data-id=\"d5ca408\" data-element_type=\"widget\" data-e-type=\"widget\" data-widget_type=\"heading.default\">\n\t\t\t\t<div class=\"elementor-widget-container\">\n\t\t\t\t\t<h2 class=\"elementor-heading-title elementor-size-medium\">Education institutions and cultural centers<\/h2>\t\t\t\t<\/div>\n\t\t\t\t<\/div>\n\t\t\t\t<div class=\"elementor-element elementor-element-40fc7bf elementor-widget elementor-widget-text-editor\" data-id=\"40fc7bf\" data-element_type=\"widget\" data-e-type=\"widget\" data-widget_type=\"text-editor.default\">\n\t\t\t\t<div class=\"elementor-widget-container\">\n\t\t\t\t\t\t\t\t\t<p>Many people in many countries are deprived of education due to reasons such as financial constraints, conflict zones, inadequate buildings, political pressures, and missionary activities. Education and especially the education of children is crucial for their future, preparing them to be useful individuals for their country and families. Therefore, we establish education institutions and cultural centers in the areas where education is needed in the world. With our volunteers, we carry out activities to educate people in these areas and help them adapt to the world.<\/p>\t\t\t\t\t\t\t\t<\/div>\n\t\t\t\t<\/div>\n\t\t\t\t\t<\/div>\n\t\t<\/div>\n\t\t\t\t<div class=\"elementor-column elementor-col-50 elementor-inner-column elementor-element elementor-element-757c492\" data-id=\"757c492\" data-element_type=\"column\" data-e-type=\"column\">\n\t\t\t<div class=\"elementor-widget-wrap elementor-element-populated\">\n\t\t\t\t\t\t<div class=\"elementor-element elementor-element-ff12975 elementor-widget elementor-widget-image\" data-id=\"ff12975\" data-element_type=\"widget\" data-e-type=\"widget\" data-widget_type=\"image.default\">\n\t\t\t\t<div class=\"elementor-widget-container\">\n\t\t\t\t\t\t\t\t\t\t\t\t\t\t\t<img loading=\"lazy\" decoding=\"async\" width=\"2560\" height=\"2560\" src=\"https:\/\/e-iao.com\/en\/wp-content\/uploads\/2022\/06\/school1-scaled.jpg\" class=\"attachment-full size-full wp-image-1620\" alt=\"E\u011fitim Deste\u011fi\" srcset=\"https:\/\/e-iao.com\/en\/wp-content\/uploads\/2022\/06\/school1-scaled.jpg 2560w, https:\/\/e-iao.com\/en\/wp-content\/uploads\/2022\/06\/school1-scaled-800x800.jpg 800w, https:\/\/e-iao.com\/en\/wp-content\/uploads\/2022\/06\/school1-scaled-100x100.jpg 100w, https:\/\/e-iao.com\/en\/wp-content\/uploads\/2022\/06\/school1-300x300.jpg 300w, https:\/\/e-iao.com\/en\/wp-content\/uploads\/2022\/06\/school1-1024x1024.jpg 1024w, https:\/\/e-iao.com\/en\/wp-content\/uploads\/2022\/06\/school1-150x150.jpg 150w, https:\/\/e-iao.com\/en\/wp-content\/uploads\/2022\/06\/school1-768x768.jpg 768w, https:\/\/e-iao.com\/en\/wp-content\/uploads\/2022\/06\/school1-1536x1536.jpg 1536w, https:\/\/e-iao.com\/en\/wp-content\/uploads\/2022\/06\/school1-2048x2048.jpg 2048w\" sizes=\"(max-width: 2560px) 100vw, 2560px\" title=\"\">\t\t\t\t\t\t\t\t\t\t\t\t\t\t\t<\/div>\n\t\t\t\t<\/div>\n\t\t\t\t\t<\/div>\n\t\t<\/div>\n\t\t\t\t\t<\/div>\n\t\t<\/section>\n\t\t\t\t\t<\/div>\n\t\t<\/div>\n\t\t\t\t\t<\/div>\n\t\t<\/section>\n\t\t\t\t<\/div>\n\t\t","protected":false},"excerpt":{"rendered":"<p>Permanent Works Water Wells Drinking water used by approximately 1.5 billion people is unhygienic. Dirty water; It steals the lives of around 1500 children every day with the cholera, diarrhea and typhoid fever it causes. The number of people who lose their lives every year due to drought, epidemics and difficulty in accessing water exceeds [&hellip;]<\/p>\n","protected":false},"author":7,"featured_media":2934,"parent":0,"menu_order":0,"comment_status":"closed","ping_status":"closed","template":"elementor_header_footer","meta":{"site-sidebar-layout":"default","site-content-layout":"","ast-site-content-layout":"default","site-content-style":"default","site-sidebar-style":"default","ast-global-header-display":"","ast-banner-title-visibility":"","ast-main-header-display":"","ast-hfb-above-header-display":"","ast-hfb-below-header-display":"","ast-hfb-mobile-header-display":"","site-post-title":"","ast-breadcrumbs-content":"","ast-featured-img":"","footer-sml-layout":"","ast-disable-related-posts":"","theme-transparent-header-meta":"","adv-header-id-meta":"","stick-header-meta":"","header-above-stick-meta":"","header-main-stick-meta":"","header-below-stick-meta":"","astra-migrate-meta-layouts":"default","ast-page-background-enabled":"default","ast-page-background-meta":{"desktop":{"background-color":"var(--ast-global-color-4)","background-image":"","background-repeat":"repeat","background-position":"center center","background-size":"auto","background-attachment":"scroll","background-type":"","background-media":"","overlay-type":"","overlay-color":"","overlay-opacity":"","overlay-gradient":""},"tablet":{"background-color":"","background-image":"","background-repeat":"repeat","background-position":"center center","background-size":"auto","background-attachment":"scroll","background-type":"","background-media":"","overlay-type":"","overlay-color":"","overlay-opacity":"","overlay-gradient":""},"mobile":{"background-color":"","background-image":"","background-repeat":"repeat","background-position":"center center","background-size":"auto","background-attachment":"scroll","background-type":"","background-media":"","overlay-type":"","overlay-color":"","overlay-opacity":"","overlay-gradient":""}},"ast-content-background-meta":{"desktop":{"background-color":"var(--ast-global-color-5)","background-image":"","background-repeat":"repeat","background-position":"center center","background-size":"auto","background-attachment":"scroll","background-type":"","background-media":"","overlay-type":"","overlay-color":"","overlay-opacity":"","overlay-gradient":""},"tablet":{"background-color":"var(--ast-global-color-5)","background-image":"","background-repeat":"repeat","background-position":"center center","background-size":"auto","background-attachment":"scroll","background-type":"","background-media":"","overlay-type":"","overlay-color":"","overlay-opacity":"","overlay-gradient":""},"mobile":{"background-color":"var(--ast-global-color-5)","background-image":"","background-repeat":"repeat","background-position":"center center","background-size":"auto","background-attachment":"scroll","background-type":"","background-media":"","overlay-type":"","overlay-color":"","overlay-opacity":"","overlay-gradient":""}},"footnotes":""},"class_list":["post-1338","page","type-page","status-publish","has-post-thumbnail","hentry"],"_links":{"self":[{"href":"https:\/\/e-iao.com\/en\/wp-json\/wp\/v2\/pages\/1338","targetHints":{"allow":["GET"]}}],"collection":[{"href":"https:\/\/e-iao.com\/en\/wp-json\/wp\/v2\/pages"}],"about":[{"href":"https:\/\/e-iao.com\/en\/wp-json\/wp\/v2\/types\/page"}],"author":[{"embeddable":true,"href":"https:\/\/e-iao.com\/en\/wp-json\/wp\/v2\/users\/7"}],"replies":[{"embeddable":true,"href":"https:\/\/e-iao.com\/en\/wp-json\/wp\/v2\/comments?post=1338"}],"version-history":[{"count":2,"href":"https:\/\/e-iao.com\/en\/wp-json\/wp\/v2\/pages\/1338\/revisions"}],"predecessor-version":[{"id":3711,"href":"https:\/\/e-iao.com\/en\/wp-json\/wp\/v2\/pages\/1338\/revisions\/3711"}],"wp:featuredmedia":[{"embeddable":true,"href":"https:\/\/e-iao.com\/en\/wp-json\/wp\/v2\/media\/2934"}],"wp:attachment":[{"href":"https:\/\/e-iao.com\/en\/wp-json\/wp\/v2\/media?parent=1338"}],"curies":[{"name":"wp","href":"https:\/\/api.w.org\/{rel}","templated":true}]}}