{"id":1058,"date":"2022-05-15T01:02:56","date_gmt":"2022-05-14T22:02:56","guid":{"rendered":"https:\/\/e-iao.com\/en\/?page_id=1058"},"modified":"2023-06-14T03:37:29","modified_gmt":"2023-06-14T00:37:29","slug":"account-numbers","status":"publish","type":"page","link":"https:\/\/e-iao.com\/en\/account-numbers\/","title":{"rendered":"Account Numbers"},"content":{"rendered":"\t\t<div data-elementor-type=\"wp-page\" data-elementor-id=\"1058\" class=\"elementor elementor-1058\" data-elementor-post-type=\"page\">\n\t\t\t\t\t\t<section class=\"elementor-section elementor-top-section elementor-element elementor-element-c08da73 elementor-section-boxed elementor-section-height-default elementor-section-height-default\" data-id=\"c08da73\" data-element_type=\"section\" data-e-type=\"section\">\n\t\t\t\t\t\t<div class=\"elementor-container elementor-column-gap-default\">\n\t\t\t\t\t<div class=\"elementor-column elementor-col-100 elementor-top-column elementor-element elementor-element-ff47f33\" data-id=\"ff47f33\" data-element_type=\"column\" data-e-type=\"column\">\n\t\t\t<div class=\"elementor-widget-wrap elementor-element-populated\">\n\t\t\t\t\t\t<div class=\"elementor-element elementor-element-c10f11e elementor-view-framed elementor-position-block-start elementor-shape-circle elementor-mobile-position-block-start elementor-widget elementor-widget-icon-box\" data-id=\"c10f11e\" data-element_type=\"widget\" data-e-type=\"widget\" data-widget_type=\"icon-box.default\">\n\t\t\t\t<div class=\"elementor-widget-container\">\n\t\t\t\t\t\t\t<div class=\"elementor-icon-box-wrapper\">\n\n\t\t\t\t\t\t<div class=\"elementor-icon-box-icon\">\n\t\t\t\t<a href=\"\/en\/account-numbers\" class=\"elementor-icon elementor-animation-shrink\" tabindex=\"-1\" aria-label=\"Bank Account Numbers\">\n\t\t\t\t<i aria-hidden=\"true\" class=\"fas fa-money-bill-wave\"><\/i>\t\t\t\t<\/a>\n\t\t\t<\/div>\n\t\t\t\n\t\t\t\t\t\t<div class=\"elementor-icon-box-content\">\n\n\t\t\t\t\t\t\t\t\t<h1 class=\"elementor-icon-box-title\">\n\t\t\t\t\t\t<a href=\"\/en\/account-numbers\" >\n\t\t\t\t\t\t\tBank Account Numbers\t\t\t\t\t\t<\/a>\n\t\t\t\t\t<\/h1>\n\t\t\t\t\n\t\t\t\t\n\t\t\t<\/div>\n\t\t\t\n\t\t<\/div>\n\t\t\t\t\t\t<\/div>\n\t\t\t\t<\/div>\n\t\t\t\t<div class=\"elementor-element elementor-element-dcebb1a elementor-position-left elementor-vertical-align-top elementor-invisible elementor-widget elementor-widget-image-box\" data-id=\"dcebb1a\" data-element_type=\"widget\" data-e-type=\"widget\" data-settings=\"{&quot;_animation&quot;:&quot;fadeInLeft&quot;}\" data-widget_type=\"image-box.default\">\n\t\t\t\t<div class=\"elementor-widget-container\">\n\t\t\t\t\t<div class=\"elementor-image-box-wrapper\"><figure class=\"elementor-image-box-img\"><img decoding=\"async\" width=\"529\" height=\"64\" src=\"https:\/\/e-iao.com\/en\/wp-content\/uploads\/2022\/05\/529px-Vakifbank_logo.png\" class=\"elementor-animation-shrink attachment-full size-full wp-image-1095\" alt=\"Vak\u0131fbank banka hesap numaralar\u0131\" title=\"\" srcset=\"https:\/\/e-iao.com\/en\/wp-content\/uploads\/2022\/05\/529px-Vakifbank_logo.png 529w, https:\/\/e-iao.com\/en\/wp-content\/uploads\/2022\/05\/529px-Vakifbank_logo-300x36.png 300w\" sizes=\"(max-width: 529px) 100vw, 529px\" \/><\/figure><div class=\"elementor-image-box-content\"><h3 class=\"elementor-image-box-title\">Vak\u0131fbank<\/h3><p class=\"elementor-image-box-description\">Account Name: Eko Uluslararas\u0131 Yard\u0131m Derne\u011fi\n<br>\nBank Branch: Mercan\/\u0130STANBUL<br>\n<br>\n<b>Swift Code: TVBATR2A<\/b>\n <br><br>\n<b>Turkish Lira<\/b><br>\n\nIBAN: TR 2300 0150 0158 0073 1687 0936<br><br>\n<b>US Dollar<\/b><br>\n\nIBAN: TR 0600 0150 0158 0480 2135 5468<br>\n<br><b>Euro<\/b><br>\n \nIBAN: TR 3200 0150 0158 0480 2135 5485\n<br>\n<br><b>Sterlin<\/b><br>\n \nIBAN: TR 8100 0150 0158 0480 2136 0714<\/p><\/div><\/div>\t\t\t\t<\/div>\n\t\t\t\t<\/div>\n\t\t\t\t<div class=\"elementor-element elementor-element-9755d24 elementor-position-left elementor-vertical-align-top elementor-invisible elementor-widget elementor-widget-image-box\" data-id=\"9755d24\" data-element_type=\"widget\" data-e-type=\"widget\" data-settings=\"{&quot;_animation&quot;:&quot;fadeInLeft&quot;}\" data-widget_type=\"image-box.default\">\n\t\t\t\t<div class=\"elementor-widget-container\">\n\t\t\t\t\t<div class=\"elementor-image-box-wrapper\"><figure class=\"elementor-image-box-img\"><img decoding=\"async\" width=\"438\" height=\"92\" src=\"https:\/\/e-iao.com\/en\/wp-content\/uploads\/2022\/05\/Ziraat_Bankasi_logo.png\" class=\"elementor-animation-shrink attachment-full size-full wp-image-1100\" alt=\"Ziraat_Bankas\u0131 hesap numaralar\u0131\" title=\"\" srcset=\"https:\/\/e-iao.com\/en\/wp-content\/uploads\/2022\/05\/Ziraat_Bankasi_logo.png 438w, https:\/\/e-iao.com\/en\/wp-content\/uploads\/2022\/05\/Ziraat_Bankasi_logo-300x63.png 300w\" sizes=\"(max-width: 438px) 100vw, 438px\" \/><\/figure><div class=\"elementor-image-box-content\"><h3 class=\"elementor-image-box-title\">Ziraat Bankas\u0131<\/h3><p class=\"elementor-image-box-description\">Account Name: Eko Uluslararas\u0131 Yard\u0131m Derne\u011fi<br>\nBank Branch: Mercan\/\u0130STANBUL<br>\n <br>\n<b>Swift Code: TCZBTR2A<\/b>\n\n <br><br>\n<b>Turkish Lira<\/b><br>\nHesap No: 2578-97587902-5001<br>\nIBAN: TR 8500 0100 2578 9758 7902 5001<br><br>\n<b>US Dollar<\/b><br>\nHesap No: 2578-97587902-5002<br>\nIBAN: TR 5800 0100 2578 9758 7902 5002<br>\n<br><b>Euro<\/b><br>\nHesap No: 2578-97587902-5003<br>       \nIBAN: TR 3100 0100 2578 9758 7902 5003<br>\n<br><b>Sterlin<\/b><br>\nHesap No: 2578-97587902-5004<br>       \nIBAN: TR 0400 0100 2578 9758 7902 5004<\/p><\/div><\/div>\t\t\t\t<\/div>\n\t\t\t\t<\/div>\n\t\t\t\t<div class=\"elementor-element elementor-element-86a3a94 elementor-position-left elementor-vertical-align-top elementor-invisible elementor-widget elementor-widget-image-box\" data-id=\"86a3a94\" data-element_type=\"widget\" data-e-type=\"widget\" data-settings=\"{&quot;_animation&quot;:&quot;fadeInLeft&quot;}\" data-widget_type=\"image-box.default\">\n\t\t\t\t<div class=\"elementor-widget-container\">\n\t\t\t\t\t<div class=\"elementor-image-box-wrapper\"><figure class=\"elementor-image-box-img\"><img fetchpriority=\"high\" decoding=\"async\" width=\"558\" height=\"175\" src=\"https:\/\/e-iao.com\/en\/wp-content\/uploads\/2022\/05\/558px-Turkiye_Is_Bankasi_logo.png\" class=\"elementor-animation-shrink attachment-full size-full wp-image-1096\" alt=\"T\u00fcrkiye_\u0130\u015f_Bankas\u0131 hesap numaralar\u0131\" title=\"\" srcset=\"https:\/\/e-iao.com\/en\/wp-content\/uploads\/2022\/05\/558px-Turkiye_Is_Bankasi_logo.png 558w, https:\/\/e-iao.com\/en\/wp-content\/uploads\/2022\/05\/558px-Turkiye_Is_Bankasi_logo-300x94.png 300w\" sizes=\"(max-width: 558px) 100vw, 558px\" \/><\/figure><div class=\"elementor-image-box-content\"><h3 class=\"elementor-image-box-title\">T\u00fcrkiye \u0130\u015f Bankas\u0131<\/h3><p class=\"elementor-image-box-description\">Account Name: Eko Uluslararas\u0131 Yard\u0131m Derne\u011fi<br>\nBank Branch\/\u0130STANBUL<br>\n <br>\n<b>Swift Code: ISBKTRIS<\/b>\n <br><br>\n<b>Turkish Lira<\/b><br>\n \nIBAN: TR 6200 0640 0000 1103 8048 8862 <br><br>\n\n<b>US Dollar<\/b><br>\n \nIBAN: TR 7300 0640 0000 2103 8032 5893<br>\n\n<br><b>Euro<\/b><br>\n       \nIBAN: TR 4000 0640 0000 2103 8032 5905\n<br>\n<br><b>Sterlin<\/b><br>\n \nIBAN: TR 1200 0640 0000 2103 8032 5924<\/p><\/div><\/div>\t\t\t\t<\/div>\n\t\t\t\t<\/div>\n\t\t\t\t\t<\/div>\n\t\t<\/div>\n\t\t\t\t\t<\/div>\n\t\t<\/section>\n\t\t\t\t<\/div>\n\t\t","protected":false},"excerpt":{"rendered":"<p>Bank Account Numbers Vak\u0131fbank Account Name: Eko Uluslararas\u0131 Yard\u0131m Derne\u011fi Bank Branch: Mercan\/\u0130STANBUL Swift Code: TVBATR2A Turkish Lira IBAN: TR 2300 0150 0158 0073 1687 0936 US Dollar IBAN: TR 0600 0150 0158 0480 2135 5468 Euro IBAN: TR 3200 0150 0158 0480 2135 5485 Sterlin IBAN: TR 8100 0150 0158 0480 2136 0714 Ziraat [&hellip;]<\/p>\n","protected":false},"author":7,"featured_media":0,"parent":0,"menu_order":0,"comment_status":"closed","ping_status":"closed","template":"elementor_header_footer","meta":{"site-sidebar-layout":"default","site-content-layout":"","ast-site-content-layout":"default","site-content-style":"default","site-sidebar-style":"default","ast-global-header-display":"","ast-banner-title-visibility":"","ast-main-header-display":"","ast-hfb-above-header-display":"","ast-hfb-below-header-display":"","ast-hfb-mobile-header-display":"","site-post-title":"","ast-breadcrumbs-content":"","ast-featured-img":"","footer-sml-layout":"","ast-disable-related-posts":"","theme-transparent-header-meta":"","adv-header-id-meta":"","stick-header-meta":"","header-above-stick-meta":"","header-main-stick-meta":"","header-below-stick-meta":"","astra-migrate-meta-layouts":"default","ast-page-background-enabled":"default","ast-page-background-meta":{"desktop":{"background-color":"var(--ast-global-color-4)","background-image":"","background-repeat":"repeat","background-position":"center center","background-size":"auto","background-attachment":"scroll","background-type":"","background-media":"","overlay-type":"","overlay-color":"","overlay-opacity":"","overlay-gradient":""},"tablet":{"background-color":"","background-image":"","background-repeat":"repeat","background-position":"center center","background-size":"auto","background-attachment":"scroll","background-type":"","background-media":"","overlay-type":"","overlay-color":"","overlay-opacity":"","overlay-gradient":""},"mobile":{"background-color":"","background-image":"","background-repeat":"repeat","background-position":"center center","background-size":"auto","background-attachment":"scroll","background-type":"","background-media":"","overlay-type":"","overlay-color":"","overlay-opacity":"","overlay-gradient":""}},"ast-content-background-meta":{"desktop":{"background-color":"var(--ast-global-color-5)","background-image":"","background-repeat":"repeat","background-position":"center center","background-size":"auto","background-attachment":"scroll","background-type":"","background-media":"","overlay-type":"","overlay-color":"","overlay-opacity":"","overlay-gradient":""},"tablet":{"background-color":"var(--ast-global-color-5)","background-image":"","background-repeat":"repeat","background-position":"center center","background-size":"auto","background-attachment":"scroll","background-type":"","background-media":"","overlay-type":"","overlay-color":"","overlay-opacity":"","overlay-gradient":""},"mobile":{"background-color":"var(--ast-global-color-5)","background-image":"","background-repeat":"repeat","background-position":"center center","background-size":"auto","background-attachment":"scroll","background-type":"","background-media":"","overlay-type":"","overlay-color":"","overlay-opacity":"","overlay-gradient":""}},"footnotes":""},"class_list":["post-1058","page","type-page","status-publish","hentry"],"_links":{"self":[{"href":"https:\/\/e-iao.com\/en\/wp-json\/wp\/v2\/pages\/1058","targetHints":{"allow":["GET"]}}],"collection":[{"href":"https:\/\/e-iao.com\/en\/wp-json\/wp\/v2\/pages"}],"about":[{"href":"https:\/\/e-iao.com\/en\/wp-json\/wp\/v2\/types\/page"}],"author":[{"embeddable":true,"href":"https:\/\/e-iao.com\/en\/wp-json\/wp\/v2\/users\/7"}],"replies":[{"embeddable":true,"href":"https:\/\/e-iao.com\/en\/wp-json\/wp\/v2\/comments?post=1058"}],"version-history":[{"count":5,"href":"https:\/\/e-iao.com\/en\/wp-json\/wp\/v2\/pages\/1058\/revisions"}],"predecessor-version":[{"id":4031,"href":"https:\/\/e-iao.com\/en\/wp-json\/wp\/v2\/pages\/1058\/revisions\/4031"}],"wp:attachment":[{"href":"https:\/\/e-iao.com\/en\/wp-json\/wp\/v2\/media?parent=1058"}],"curies":[{"name":"wp","href":"https:\/\/api.w.org\/{rel}","templated":true}]}}